{"id":79775,"date":"2023-02-24T17:56:33","date_gmt":"2023-02-24T17:56:33","guid":{"rendered":"https:\/\/alboragro.com\/en\/?page_id=79775"},"modified":"2023-02-24T18:07:39","modified_gmt":"2023-02-24T18:07:39","slug":"politica-de-privacidad","status":"publish","type":"page","link":"https:\/\/alboragro.com\/en\/politica-de-privacidad\/","title":{"rendered":"Pol\u00edtica de Privacidad"},"content":{"rendered":"\t\t<div data-elementor-type=\"wp-page\" data-elementor-id=\"79775\" class=\"elementor elementor-79775\">\n\t\t\t\t\t\t<section class=\"elementor-section elementor-top-section elementor-element elementor-element-0b21057 elementor-section-boxed elementor-section-height-default elementor-section-height-default elementor-invisible\" data-id=\"0b21057\" data-element_type=\"section\" data-e-type=\"section\" data-settings=\"{&quot;background_background&quot;:&quot;classic&quot;,&quot;animation&quot;:&quot;fadeInUp&quot;}\">\n\t\t\t\t\t\t<div class=\"elementor-container elementor-column-gap-default\">\n\t\t\t\t\t<div class=\" elementor-column elementor-col-100 elementor-top-column elementor-element elementor-element-173c122\" data-fullscreen-column-settings=\"{&quot;fullscreen&quot;:&quot;&quot;}\" data-id=\"173c122\" data-element_type=\"column\" data-e-type=\"column\">\n\t\t\t<div class=\"elementor-widget-wrap elementor-element-populated\">\n\t\t\t\t\t\t<section class=\"elementor-section elementor-inner-section elementor-element elementor-element-b7f5215 elementor-section-boxed elementor-section-height-default elementor-section-height-default\" data-id=\"b7f5215\" data-element_type=\"section\" data-e-type=\"section\">\n\t\t\t\t\t\t<div class=\"elementor-container elementor-column-gap-default\">\n\t\t\t\t\t<div class=\" elementor-column elementor-col-100 elementor-inner-column elementor-element elementor-element-1686936\" data-fullscreen-column-settings=\"{&quot;fullscreen&quot;:&quot;&quot;}\" data-id=\"1686936\" data-element_type=\"column\" data-e-type=\"column\">\n\t\t\t<div class=\"elementor-widget-wrap elementor-element-populated\">\n\t\t\t\t\t\t<div class=\"elementor-element elementor-element-1a53597 elementor-widget elementor-widget-litho-heading\" data-id=\"1a53597\" data-element_type=\"widget\" data-e-type=\"widget\" data-widget_type=\"litho-heading.default\">\n\t\t\t\t<div class=\"elementor-widget-container\">\n\t\t\t\t\t<h2 class=\"litho-heading elementor-size-default\"><span class=\"litho-primary-title\">POL\u00cdTICA DE PRIVACIDAD<\/span><\/h2>\t\t\t\t<\/div>\n\t\t\t\t<\/div>\n\t\t\t\t\t<\/div>\n\t\t<\/div>\n\t\t\t\t\t<\/div>\n\t\t<\/section>\n\t\t\t\t<div class=\"elementor-element elementor-element-2abcfe6 elementor-widget elementor-widget-text-editor\" data-id=\"2abcfe6\" data-element_type=\"widget\" data-e-type=\"widget\" data-widget_type=\"text-editor.default\">\n\t\t\t\t<div class=\"elementor-widget-container\">\n\t\t\t\t\t\t\t\t\t<p><strong>\u00daltima actualizaci\u00f3n 11 de diciembre de 2020<\/strong><\/p><p>Albor valora a sus usuarios y est\u00e1 comprometida a proteger su privacidad. Para cumplir este compromiso, Albor ha desarrollado la presente Pol\u00edtica de Privacidad que describe las pr\u00e1cticas de Albor en lo que se refiere a la recolecci\u00f3n, uso, conservaci\u00f3n y divulgaci\u00f3n de informaci\u00f3n personal recopilada. Al registrarse, visitar y\/o utilizar la plataforma de Albor (la \u201cPlataforma\u201d), Usted (\u201cUsted\u201d o el \u201cUsuario\u201d) acepta las pol\u00edticas y pr\u00e1cticas que se detallan a continuaci\u00f3n, con base en lo establecido en la Ley de Protecci\u00f3n de Datos Personales 25.326 y el Decreto Reglamentario 1558\/01, as\u00ed como en las normas reglamentarias vigentes y aplicables en la materia.<\/p><p>La Plataforma incluye el sitio web\u00a0<a href=\"https:\/\/alboragro.com\/en\/\"><strong>www.alboragro.com<\/strong><\/a>, y los productos y servicios que se ofrecen a trav\u00e9s de dicho sitio, incluyendo albor Campo, albor Go!, Sueldosnet, y sus respectivos sitios web, aplicaciones m\u00f3viles y aplicaciones m\u00f3viles de escritorio (Apps).<\/p><p>Albor podr\u00e1 realizar modificaciones a esta Pol\u00edtica de Privacidad en el futuro. Cualquier modificaci\u00f3n a esta Pol\u00edtica de Privacidad ser\u00e1 publicada en esta p\u00e1gina, por lo que se aconseja revisar peri\u00f3dicamente la Pol\u00edtica de Privacidad.<\/p><p>La Plataforma consiste en un software de gesti\u00f3n que integra las operaciones productivas, contables y financieras dirigida a productores, asesores y administradores que se desarrollen y\/o exploten actividades de agricultura, ganader\u00eda, lechera, forestal, agr\u00edcola intensiva de cualquier tipo y\/o actividades afines. Asimismo, proporciona a los usuarios tableros e inteligencia de negocios que se basa en indicadores clave de gesti\u00f3n productiva, as\u00ed como tambi\u00e9n administrativos y contables, para medir la evoluci\u00f3n y actividad de la empresa. La Plataforma se utiliza tambi\u00e9n a trav\u00e9s de nuestro sitio web, de nuestras aplicaciones m\u00f3viles, aplicaciones m\u00f3viles de escritorio y de la utilizaci\u00f3n de nuestros productos.<\/p><p>El responsable de la base de datos en la Rep\u00fablica Argentina es Ingenier\u00eda y Consultor\u00eda G&amp;B S.A. (\u201cAlbor\u201d), domiciliada en Galicia 76, Mar del Plata, Provincia de Buenos Aires, Argentina.<\/p><h3 class=\"fusion-responsive-typography-calculated\" data-fontsize=\"18\" data-lineheight=\"27px\">1. ALCANCE Y CONSENTIMIENTO<\/h3><p>Al ingresar y utilizar a esta Plataforma, el Usuario consiente en que se obtenga y utilice la informaci\u00f3n personal referida a la identidad del Usuario, entendi\u00e9ndose por ello, sin car\u00e1cter taxativo, la siguiente: nombre y apellido, direcci\u00f3n, tel\u00e9fono, direcci\u00f3n de e-mail, nacionalidad, clave de identificaci\u00f3n tributaria, informaci\u00f3n sobre la actividad agropecuaria que sea desarrollada por el Usuario, su ubicaci\u00f3n, datos clim\u00e1ticos, datos productivos, de gesti\u00f3n, agron\u00f3micos, comerciales, econ\u00f3micos y financieros que el Usuario mismo proporciona a trav\u00e9s del uso de la Plataforma o el uso o contrataci\u00f3n de nuestros productos y\/o servicios (en adelante la \u201cInformaci\u00f3n Personal\u201d) para los fines propios de la Plataforma, y\/o cualquier informaci\u00f3n necesaria para la prestaci\u00f3n de los servicios contratados a Albor.<\/p><p>La pol\u00edtica de tratamiento de datos personales es aplicable a cualquier registro de datos personales hecho por Albor en forma presencial, telef\u00f3nica y\/o virtual, incluyendo cualquier informaci\u00f3n que el titular ingrese por s\u00ed mismo a trav\u00e9s de medios electr\u00f3nicos o virtuales dispuestos por Albor.<\/p><p>Toda Informaci\u00f3n Personal es recolectada y almacenada en servidores que pueden estar ubicados f\u00edsicamente dentro o fuera del pa\u00eds. Usted presta su consentimiento para que Albor pueda transferir su Informaci\u00f3n Personal con destino a cualquier pa\u00eds del mundo. En cualquier caso, Albor se compromete a garantizar que se cumpla con est\u00e1ndares legalmente exigibles para la protecci\u00f3n y resguardo de su Informaci\u00f3n Personal, mediante la firma de acuerdos o convenios cuyo objeto sea la privacidad de sus datos personales.<\/p><p>Usted es el titular de su Informaci\u00f3n Personal y Usted tiene derecho exclusivo sobre la misma. Albor procesa y utiliza su Informaci\u00f3n Personal con fines estad\u00edsticos, agregados y acumulados para proveer los servicios que presta y los productos que ofrece a trav\u00e9s de la Plataforma, sin que sea posible identificar ni rastrear de manera individual su propia Informaci\u00f3n Personal.<\/p><h3 id=\"u1762-14\" class=\"fusion-responsive-typography-calculated\" data-fontsize=\"18\" data-lineheight=\"27px\">2. FINALIDAD, CONSERVACI\u00d3N Y TRATAMIENTO DE LOS DATOS PERSONALES<\/h3><p>Al ingresar y utilizar esta Plataforma y los servicios y productos que Albor ofrece, Usted presta su consentimiento expreso e informado a Albor para que la Informaci\u00f3n Personal (i) se procese y almacene en servidores o medios magn\u00e9ticos y\/o digitales y\/o (ii) se haga un uso cient\u00edfico y estad\u00edstico para la mejora de los servicios, productos y contenidos de la Plataforma y\/o (iii) se suministre a cualquier sociedad que integre el mismo grupo empresarial al que Albor pertenezca y\/o a clientes, proveedores de productos y\/o servicios con quienes Albor tenga un convenio comercial vigente, con el objeto de entregar, ofrecer y\/o vender productos, servicios y soluciones.<\/p><p>Albor podr\u00e1 encargar el tratamiento de datos personales a terceros quienes deber\u00e1n seguir y acatar las pol\u00edticas e instrucciones dadas por Albor verificando que act\u00faen bajo los par\u00e1metros de Ley y con base a las instrucciones y pol\u00edticas definidas por Albor. El Usuario presta su consentimiento expreso e informado a Albor para la transferencia de datos personales, incluyendo su Informaci\u00f3n Personal, en cuyo caso el receptor de los datos personales asumir\u00e1 las mismas obligaciones que surgen de la aplicaci\u00f3n de esta Pol\u00edtica y de las leyes aplicables.<\/p><p>La informaci\u00f3n que Albor pueda revelar, a trav\u00e9s de los productos, servicios y soluciones que ofrece, no ser\u00e1 Informaci\u00f3n Personal ni informaci\u00f3n que pueda identificar ni asociar a ning\u00fan Usuario, sino que se limitar\u00e1 a informes que contengan datos estad\u00edsticos, agregados y acumulados sobre los Usuarios.<\/p><h3 class=\"fusion-responsive-typography-calculated\" data-fontsize=\"18\" data-lineheight=\"27px\">3. POL\u00cdTICA DE COOKIES<\/h3><p>Albor podr\u00e1 recoger y procesar informaci\u00f3n sobre su utilizaci\u00f3n de la Plataforma y sus visitas a los sitios webs, aplicaciones m\u00f3viles, las p\u00e1ginas que visita y las b\u00fasquedas que realiza. Esta informaci\u00f3n podr\u00e1 ser utilizada por Albor para mejorar el contenido de la Plataforma. A estos fines, podremos instalar \u201ccookies\u201d u otras tecnolog\u00edas similares, que son un conjunto de datos de tama\u00f1o reducido que se env\u00edan a su navegador y se almacenan en el disco r\u00edgido de su ordenador o dispositivo conectado a Internet. Las cookies pueden servir para facilitar el uso de un sitio web, al guardar contrase\u00f1as y preferencias mientras el Usuario navega en Internet.<\/p><p>Aunque la mayor\u00eda de los navegadores aceptan \u201ccookies\u201d autom\u00e1ticamente, en todo momento, usted podr\u00e1 elegir no recibir un archivo de cookies habilitando su navegador web para que rechace cookies o le informe antes de aceptarlas (para obtener detalles, puede consultar\u00a0<a href=\"https:\/\/https\/www.aboutcookies.org\/\"><strong>www.aboutcookies.org<\/strong><\/a>).<\/p><p>Mediante la tecnolog\u00eda cookie o el rastreo IP u otras tecnolog\u00edas, Albor pueden acceder a otra informaci\u00f3n acerca del Usuario que consiste en informaci\u00f3n sobre el navegador que utiliza, el tipo de computadora, sus sistemas operativos, sus proveedores del servicio de Internet, las secciones de la Plataforma que Ud. visita, los v\u00ednculos que Usted establece y otra informaci\u00f3n similar. Esta informaci\u00f3n ser\u00e1 utilizada por Albor a fin de conocer cu\u00e1les son las \u00e1reas preferidas de la Plataforma, qu\u00e9 tecnolog\u00eda se est\u00e1 utilizando, etc. y mejorar constantemente la misma.<\/p><h3 class=\"fusion-responsive-typography-calculated\" data-fontsize=\"18\" data-lineheight=\"27px\">4. SEGURIDAD, CUSTODIA, TRANSPARENCIA, CALIDAD Y CONFIDENCIALIDAD DE LOS DATOS PERSONALES<\/h3><p>Albor aplica las mejores pr\u00e1cticas y su mayor esfuerzo en la seguridad, custodia y confidencialidad de los datos personales de los titulares, verificando las excepciones legales para la entrega de los mismos a la autoridad y los casos pertinentes, todo lo anterior, con el m\u00e1s alto nivel de confidencialidad y seguridad.<\/p><p>Si bien Albor utiliza dispositivos de seguridad, como ser \u201cfirewalls\u201d, t\u00e9cnicas de codificaci\u00f3n, contrase\u00f1as de uso y otras medidas, y afecta todos sus esfuerzos a fin de asegurar su privacidad, no puede ofrecer garant\u00edas absolutas contra el uso indebido o alteraci\u00f3n de la informaci\u00f3n que est\u00e1 bajo su control.<\/p><p>Albor implementa todas las medidas necesarias para mantener la seguridad de la informaci\u00f3n personal de los titulares de datos, contemplando medidas pr\u00e1cticas, t\u00e9cnicas y organizativas internas necesarias para garantizar la seguridad, integridad y confidencialidad de los datos, a los fines de evitar el acceso no autorizado, destrucci\u00f3n, utilizaci\u00f3n, modificaci\u00f3n o divulgaci\u00f3n de los datos, de acuerdo a lo previsto en el art\u00edculo 9 de la Ley de Protecci\u00f3n de Datos Personales 25.326, normas complementarias y en particular en la Resoluci\u00f3n 47\/2018 de la Agencia de Acceso a la Informaci\u00f3n P\u00fablica, que establece las distintas medidas de seguridad para el tratamiento y conservaci\u00f3n de datos personales contenidos en bancos de datos privados.<\/p><h3 class=\"fusion-responsive-typography-calculated\" data-fontsize=\"18\" data-lineheight=\"27px\">5. POL\u00cdTICAS DE PRIVACIDAD DE TERCEROS<\/h3><p>La presente pol\u00edtica de privacidad solo se refiere al uso y divulgaci\u00f3n de datos personales por parte de Albor. La Plataforma cuenta o puede contar con publicidad u otros contenidos que establecen un v\u00ednculo con sitios o servicios de terceros.<\/p><p>Asimismo, los servicios y productos que Albor ofrece y\/o pudiera ofrecer podr\u00edan involucrar servicios que sean prestados por terceros, incluyendo el acceso por parte del Usuario a las plataformas o aplicativos de propiedad de, o administrados por, dichos terceros. Albor no compartir\u00e1 su Informaci\u00f3n Personal con terceros, excepto que usted nos lo autorice. En caso de que los servicios o productos que ofrezca Albor involucre servicios que sean prestados por terceros, en plataformas o aplicativos de propiedad de, o administrados por, dichos terceros, Albor exigir\u00e1 a esos terceros la implementaci\u00f3n, cumplimiento y mantenimiento de pol\u00edticas, obligaciones y pr\u00e1cticas de privacidad que cumplan con est\u00e1ndares legalmente exigibles para la protecci\u00f3n y resguardo de la Informaci\u00f3n Personal. Sin embargo, Albor no ser\u00e1 responsable por los posibles incumplimientos de esos terceros a sus obligaciones.<\/p><p>Los sitios web a los que usted podr\u00eda acceder a trav\u00e9s de la Plataforma tienen sus propias pol\u00edticas y pr\u00e1cticas de privacidad. Le recomendamos que se familiarice con las pol\u00edticas de privacidad de todos los terceros antes de acceder y\/o suministrarles informaci\u00f3n.<\/p><h3 class=\"fusion-responsive-typography-calculated\" data-fontsize=\"18\" data-lineheight=\"27px\">6. DERECHOS DEL TITULAR DE LOS DATOS PERSONALES<\/h3><p>Los usuarios titulares de la Informaci\u00f3n Personal podr\u00e1n ejercitar los derechos de acceder, cancelar y actualizar su Informaci\u00f3n Personal, as\u00ed como a oponerse al tratamiento de la misma y a ser informado de las cesiones llevadas a cabo, en forma gratuita a intervalos no inferiores a seis meses, salvo que se acredite un inter\u00e9s leg\u00edtimo al efecto conforme lo establecido en el art\u00edculo 14 inciso 3 de la Ley de Protecci\u00f3n de Datos Personales 25.326 en Argentina. La Agencia de Acceso a la Informaci\u00f3n P\u00fablica tiene la atribuci\u00f3n de atender las denuncias y reclamos que se interpongan con relaci\u00f3n al incumplimiento de las normas sobre protecci\u00f3n de datos personales.<\/p><h3 class=\"fusion-responsive-typography-calculated\" data-fontsize=\"18\" data-lineheight=\"27px\">7. PROCEDIMIENTO PARA EJERCER LOS DERECHOS DE LOS TITULARES<\/h3><p>Para el efectivo y adecuado ejercicio de los derechos de los titulares, referente a los procedimientos de acceso, rectificaci\u00f3n actualizaci\u00f3n y supresi\u00f3n de datos personales y de revocatoria de la autorizaci\u00f3n los titulares de los datos deber\u00e1n dirigirse a Albor a trav\u00e9s del correo electr\u00f3nico\u00a0<a href=\"mailto:info@alboragro.com\"><strong>info@alboragro.com<\/strong><\/a><\/p><p>Si tiene preguntas sobre esta Pol\u00edtica de Privacidad o sobre las pr\u00e1cticas de Albor, nos puede contactar a la direcci\u00f3n antes indicada.<\/p><p>Las consultas efectuadas por el titular de los datos, a los fines de obtener acceso a la informaci\u00f3n de sus datos personales incluidos en las bases de datos de Albor, ser\u00e1n atendidas por Albor dentro de los 10 (diez) d\u00edas corridos de recibida la solicitud por parte del titular de datos.<\/p><p>Las consultas efectuadas por el titular de los datos respecto su rectificaci\u00f3n, actualizaci\u00f3n o supresi\u00f3n, ser\u00e1n atendidas por Albor dentro de un plazo m\u00e1ximo de 5 (cinco) d\u00edas h\u00e1biles de recibido el reclamo del titular de los datos o advertido el error o falsedad.<\/p><h3 class=\"fusion-responsive-typography-calculated\" data-fontsize=\"18\" data-lineheight=\"27px\">8. AUTORIDAD DE APLICACI\u00d3N<\/h3><p>La Agencia de Acceso a la Informaci\u00f3n P\u00fablica, en su car\u00e1cter de \u00d3rgano de Control de la Ley N\u00b0 25.326, tiene la atribuci\u00f3n de atender las denuncias y reclamos que interpongan quienes resulten afectados en sus derechos por incumplimiento de las normas vigentes en materia de protecci\u00f3n de datos personales.<\/p>\t\t\t\t\t\t\t\t<\/div>\n\t\t\t\t<\/div>\n\t\t\t\t\t<\/div>\n\t\t<\/div>\n\t\t\t\t\t<\/div>\n\t\t<\/section>\n\t\t\t\t<\/div>\n\t\t","protected":false},"excerpt":{"rendered":"<p>POL\u00cdTICA DE PRIVACIDAD \u00daltima actualizaci\u00f3n 11 de diciembre de 2020 Albor valora a sus usuarios y est\u00e1 comprometida a proteger su privacidad. Para cumplir este compromiso, Albor ha desarrollado la presente Pol\u00edtica de Privacidad que describe las pr\u00e1cticas de Albor en lo que se refiere a la recolecci\u00f3n, uso, conservaci\u00f3n y divulgaci\u00f3n de informaci\u00f3n personal [&hellip;]<\/p>\n","protected":false},"author":3,"featured_media":0,"parent":0,"menu_order":0,"comment_status":"closed","ping_status":"closed","template":"","meta":{"footnotes":""},"class_list":["post-79775","page","type-page","status-publish","hentry"],"_links":{"self":[{"href":"https:\/\/alboragro.com\/en\/wp-json\/wp\/v2\/pages\/79775","targetHints":{"allow":["GET"]}}],"collection":[{"href":"https:\/\/alboragro.com\/en\/wp-json\/wp\/v2\/pages"}],"about":[{"href":"https:\/\/alboragro.com\/en\/wp-json\/wp\/v2\/types\/page"}],"author":[{"embeddable":true,"href":"https:\/\/alboragro.com\/en\/wp-json\/wp\/v2\/users\/3"}],"replies":[{"embeddable":true,"href":"https:\/\/alboragro.com\/en\/wp-json\/wp\/v2\/comments?post=79775"}],"version-history":[{"count":4,"href":"https:\/\/alboragro.com\/en\/wp-json\/wp\/v2\/pages\/79775\/revisions"}],"predecessor-version":[{"id":79781,"href":"https:\/\/alboragro.com\/en\/wp-json\/wp\/v2\/pages\/79775\/revisions\/79781"}],"wp:attachment":[{"href":"https:\/\/alboragro.com\/en\/wp-json\/wp\/v2\/media?parent=79775"}],"curies":[{"name":"wp","href":"https:\/\/api.w.org\/{rel}","templated":true}]}}