{"id":79763,"date":"2023-02-24T17:56:33","date_gmt":"2023-02-24T17:56:33","guid":{"rendered":"https:\/\/alboragro.com\/en\/?page_id=79763"},"modified":"2023-02-24T18:04:37","modified_gmt":"2023-02-24T18:04:37","slug":"terminos-y-condiciones","status":"publish","type":"page","link":"https:\/\/alboragro.com\/en\/terminos-y-condiciones\/","title":{"rendered":"Terminos y condiciones"},"content":{"rendered":"\t\t<div data-elementor-type=\"wp-page\" data-elementor-id=\"79763\" class=\"elementor elementor-79763\">\n\t\t\t\t\t\t<section class=\"elementor-section elementor-top-section elementor-element elementor-element-0b21057 elementor-section-boxed elementor-section-height-default elementor-section-height-default elementor-invisible\" data-id=\"0b21057\" data-element_type=\"section\" data-e-type=\"section\" data-settings=\"{&quot;background_background&quot;:&quot;classic&quot;,&quot;animation&quot;:&quot;fadeInUp&quot;}\">\n\t\t\t\t\t\t<div class=\"elementor-container elementor-column-gap-default\">\n\t\t\t\t\t<div class=\" elementor-column elementor-col-100 elementor-top-column elementor-element elementor-element-173c122\" data-fullscreen-column-settings=\"{&quot;fullscreen&quot;:&quot;&quot;}\" data-id=\"173c122\" data-element_type=\"column\" data-e-type=\"column\">\n\t\t\t<div class=\"elementor-widget-wrap elementor-element-populated\">\n\t\t\t\t\t\t<section class=\"elementor-section elementor-inner-section elementor-element elementor-element-b7f5215 elementor-section-boxed elementor-section-height-default elementor-section-height-default\" data-id=\"b7f5215\" data-element_type=\"section\" data-e-type=\"section\">\n\t\t\t\t\t\t<div class=\"elementor-container elementor-column-gap-default\">\n\t\t\t\t\t<div class=\" elementor-column elementor-col-100 elementor-inner-column elementor-element elementor-element-1686936\" data-fullscreen-column-settings=\"{&quot;fullscreen&quot;:&quot;&quot;}\" data-id=\"1686936\" data-element_type=\"column\" data-e-type=\"column\">\n\t\t\t<div class=\"elementor-widget-wrap elementor-element-populated\">\n\t\t\t\t\t\t<div class=\"elementor-element elementor-element-1a53597 elementor-widget elementor-widget-litho-heading\" data-id=\"1a53597\" data-element_type=\"widget\" data-e-type=\"widget\" data-widget_type=\"litho-heading.default\">\n\t\t\t\t<div class=\"elementor-widget-container\">\n\t\t\t\t\t<h2 class=\"litho-heading elementor-size-default\"><span class=\"litho-primary-title\">T\u00c9RMINOS Y CONDICIONES<\/span><\/h2>\t\t\t\t<\/div>\n\t\t\t\t<\/div>\n\t\t\t\t\t<\/div>\n\t\t<\/div>\n\t\t\t\t\t<\/div>\n\t\t<\/section>\n\t\t\t\t<div class=\"elementor-element elementor-element-2abcfe6 elementor-widget elementor-widget-text-editor\" data-id=\"2abcfe6\" data-element_type=\"widget\" data-e-type=\"widget\" data-widget_type=\"text-editor.default\">\n\t\t\t\t<div class=\"elementor-widget-container\">\n\t\t\t\t\t\t\t\t\t<p><strong>\u00daltima actualizaci\u00f3n 11 de agosto de 2020<\/strong><\/p><p id=\"u1762-5\">Los siguientes t\u00e9rminos y condiciones (los \u201cT\u00e9rminos y Condiciones\u201d) rigen el funcionamiento y uso de esta plataforma (la \u201cPlataforma\u201d), de propiedad de Ingenier\u00eda y Consultor\u00eda G&amp;B SA. (\u201cAlbor\u201d).<\/p><p>La Plataforma incluye el sitio web\u00a0<strong><a href=\"https:\/\/alboragro.com\/en\/\">www.alboragro.com<\/a><\/strong>, y los productos y servicios que se ofrecen a trav\u00e9s de dicho sitio, incluyendo albor Campo, albor Go!, Sueldosnet, y sus respectivos sitios web, aplicaciones m\u00f3viles y aplicaciones m\u00f3viles de escritorio (Apps).<\/p><p>Usted debe leer atentamente estos T\u00e9rminos y Condiciones antes de utilizar la Plataforma. El acceso y utilizaci\u00f3n de la Plataforma le atribuyen la condici\u00f3n de usuario, lo cual implica la adhesi\u00f3n a las presentes T\u00e9rminos y Condiciones en la versi\u00f3n publicada en el momento en que se acceda a la misma. El solo uso de la Plataforma implica la aceptaci\u00f3n de todas y cada una delas condiciones generales y particulares incluidas en estos T\u00e9rminos y Condiciones.<\/p><p>Su lectura le permitir\u00e1 ejercer en mejor forma sus derechos. Si Usted no estuviera de acuerdo en los T\u00e9rminos y Condiciones que rigen el uso de esta Plataforma, Usted no deber\u00e1 acceder ni hacer uso de ella ni de los servicios y productos que se prestan y ofrecen a trav\u00e9s de ella. Al acceder a la Plataforma, se asumir\u00e1 en forma autom\u00e1tica que Usted es mayor de 18 a\u00f1os de edad y tiene capacidad para comprender y aceptar estos T\u00e9rminos y Condiciones.<\/p><p>Estos T\u00e9rminos y Condiciones pueden ser modificados o actualizados de manera peri\u00f3dica, en cuyo caso se dejar\u00e1 constancia de la fecha de la \u00faltima revisi\u00f3n. El acceso y uso de la Plataforma evidenciar\u00e1n su aceptaci\u00f3n de dichas modificaciones o actualizaciones.<\/p><h3 class=\"fusion-responsive-typography-calculated\" data-fontsize=\"18\" data-lineheight=\"27px\">1. DESCRIPCI\u00d3N DEL SERVICIO<\/h3><p id=\"u1762-14\">La Plataforma consiste en un software de gesti\u00f3n que integra las operaciones productivas, contables y financieras dirigida a productores, asesores y administradores que se desarrollen y\/o exploten actividades de agricultura, ganader\u00eda, lechera, forestal, agr\u00edcola intensiva de cualquier tipo y\/o actividades afines. Asimismo, proporciona a los usuarios tableros e inteligencia de negocios que se basa en indicadores clave de gesti\u00f3n productiva, as\u00ed como tambi\u00e9n administrativos y contables, para medir la evoluci\u00f3n y actividad de la empresa. La Plataforma se utiliza tambi\u00e9n a trav\u00e9s de nuestro sitio web, de nuestras aplicaciones m\u00f3viles, aplicaciones m\u00f3viles de escritorio y de la utilizaci\u00f3n de los productos y servicios que Usted pudiera contratar.<\/p><h3 class=\"fusion-responsive-typography-calculated\" data-fontsize=\"18\" data-lineheight=\"27px\">2. CUENTAS DE USUARIO<\/h3><p>Para utilizar cualquiera de los productos o servicios ofrecidos a trav\u00e9s de la Plataforma, deber\u00e1 registrarse para obtener una cuenta. Durante el registro, requerimos que nos proporcione ciertos datos personales, que ser\u00e1n tratados en los t\u00e9rminos y condiciones previstos en la Pol\u00edtica de Privacidad de Albor. Usted podr\u00e1 acceder a la Pol\u00edtica de Privacidad de Albor, que rige el tratamiento de los datos personales, a trav\u00e9s de la Plataforma. Usted es totalmente responsable dela confidencialidad de su contrase\u00f1a y de su cuenta. Ser\u00e1 totalmente responsable del uso de su cuenta, incluido el uso no autorizado de su cuenta por terceros.<\/p><h3 class=\"fusion-responsive-typography-calculated\" data-fontsize=\"18\" data-lineheight=\"27px\">3. LICENCIA LIMITADA Y USO DE LA PLATAFORMA<\/h3><p>Al utilizar y\/o descargar cualquiera de los productos, servicios, software o aplicaciones de la Plataforma, Albor le otorga una licencia de uso limitada y no exclusiva para instalar y utilizar el software o aplicaci\u00f3n de propiedad de Albor.<\/p><p>El acceso o uso a los productos, servicios o aplicaciones de la Plataforma no le permite su venta, alquiler, comercializaci\u00f3n, la realizaci\u00f3n de ingenier\u00eda inversa ni intentar copiar de otro modo dichos productos, servicios o aplicaciones ni ning\u00fan otro uso que Albor no le haya autorizado expresamente. El software y la aplicaci\u00f3n de Albor constituyen una propiedad intelectual de Albor y su utilizaci\u00f3n y\/o descarga no le confieren ning\u00fan derecho sobre ellos ni implican cesi\u00f3n de derecho alguno.<\/p><p>Al utilizar la Plataforma, Usted acepta y se obliga a utilizar la Plataforma \u00fanicamente dentro delos fines previstos en la licencia de uso limitada y no exclusiva otorgada por Albor, incluyendo, pero no limit\u00e1ndose a (i) proporcionar contenido e informaci\u00f3n veraz y precisa; (ii) no transmitir ning\u00fan software malicioso o no solicitado, ni apoderarse de informaci\u00f3n de terceros ni enviar informaci\u00f3n no solicitada (spam) a terceros, usuarios o no; (iii) no realizar actos que puedan resultar ilegales, abusivos, perjudiciales u ofensivos a Albor y\/o terceros; y (iv) no infringir nuestros derechos de propiedad intelectual. Si realiza alguna de las acciones mencionadas anteriormente, sus derechos de uso de la Plataforma o cualquiera de los productos o servicios vinculados a ella ser\u00e1n inmediatamente rescindidos, sin perjuicio de las acciones legales que pudieren corresponder.<\/p><h3 class=\"fusion-responsive-typography-calculated\" data-fontsize=\"18\" data-lineheight=\"27px\">4. ENLACES DE TERCEROS<\/h3><p>La Plataforma puede o podr\u00e1 contener enlaces a otros sitios web, incluyendo productos integrados de terceros o informaci\u00f3n o servicios que sean prestados o generados por terceros. En caso de que los servicios o productos que ofrezca Albor involucren servicios que sean prestados por terceros, en plataformas o aplicativos de propiedad de, o administrados por, dichos terceros, Albor exigir\u00e1 a esos terceros la implementaci\u00f3n, cumplimiento y mantenimiento de pol\u00edticas, obligaciones y pr\u00e1cticas de privacidad que cumplan con est\u00e1ndares legalmente exigibles para la protecci\u00f3n y resguardo de los datos personales de propiedad de los usuarios de la Plataforma. Sin embargo, Albor no ser\u00e1 responsable por los posibles incumplimientos de esos terceros a sus obligaciones.<\/p><p>No ejercemos control sobre las plataformas o sitios web de terceros. En caso de acceder a plataformas o sitios web de terceros, deber\u00e1 siempre debe leer los t\u00e9rminos y condiciones de uso y la pol\u00edtica de privacidad aplicables. Albor no ser\u00e1 responsable por da\u00f1os o p\u00e9rdidas relacionadas con el uso de cualquier contenido, bienes o servicios disponibles en o a trav\u00e9s de cualquier sitio web de terceros.<\/p><h3 class=\"fusion-responsive-typography-calculated\" data-fontsize=\"18\" data-lineheight=\"27px\">5. DERECHOS DE PROPIEDAD INTELECTUAL<\/h3><p>El software, el contenido y el dise\u00f1o de la Plataforma junto con el texto, los guiones, los gr\u00e1ficos, las funciones interactivas y las marcas registradas, marcas de servicio y logotipos constituyen y est\u00e1n protegidos como propiedad intelectual de Albor. El contenido de la Plataforma est\u00e1 protegido por las leyes y los tratados internacionales de derecho de autor y copyright. La descarga, guarda, impresi\u00f3n y copia de cualquier contenido de la Plataforma podr\u00e1 realizarse \u00fanicamente para su uso personal y no comercial, y dentro de los t\u00e9rminos y condiciones que rigen la prestaci\u00f3n de los servicios que sean contratados con Albor. Se proh\u00edbe la reproducci\u00f3n o transmisi\u00f3n, de cualquier forma y por cualquier medio, de cualquier parte de la informaci\u00f3n contenida en esta Plataforma, incluidos textos, gr\u00e1ficos y c\u00f3digo html, sin permiso expreso por escrito de Albor.<\/p><h3 class=\"fusion-responsive-typography-calculated\" data-fontsize=\"18\" data-lineheight=\"27px\">6. GARANT\u00cdAS Y RESPONSABILIDAD<\/h3><p>Ni Albor ni la Plataforma a la que Usted accede realizan ni contienen ninguna garant\u00eda, expl\u00edcita ni impl\u00edcita, en cuanto a los servicios o productos que Albor y\/o la Plataforma ofrecen, ni su aptitud ni idoneidad para un prop\u00f3sito, fin o uso determinado. Usted irrevocablemente libera y exime de responsabilidad a Albor y a sus funcionarios, directores, gerentes empleados y dem\u00e1s representantes de cualquier responsabilidad por cualquier contenido, informaci\u00f3n o uso de la Plataforma. En consecuencia, Usted comprende que Usted usa la Plataforma por su cuenta y riesgo, incluyendo los da\u00f1os que Usted pudiera sufrir.<\/p><h3 class=\"fusion-responsive-typography-calculated\" data-fontsize=\"18\" data-lineheight=\"27px\">7. LEY Y JURISDICCI\u00d3N<\/h3><p>Los presentes T\u00e9rminos y Condiciones se regir\u00e1n e interpretar\u00e1n con arreglo a la legislaci\u00f3n vigente en la Rep\u00fablica Argentina, debiendo cualquier divergencia relacionadas a los presentes resolverse ante los tribunales ordinarios de la Ciudad de Mar del Plata, Provincia de Buenos Aires.<\/p>\t\t\t\t\t\t\t\t<\/div>\n\t\t\t\t<\/div>\n\t\t\t\t\t<\/div>\n\t\t<\/div>\n\t\t\t\t\t<\/div>\n\t\t<\/section>\n\t\t\t\t<\/div>\n\t\t","protected":false},"excerpt":{"rendered":"<p>T\u00c9RMINOS Y CONDICIONES \u00daltima actualizaci\u00f3n 11 de agosto de 2020 Los siguientes t\u00e9rminos y condiciones (los \u201cT\u00e9rminos y Condiciones\u201d) rigen el funcionamiento y uso de esta plataforma (la \u201cPlataforma\u201d), de propiedad de Ingenier\u00eda y Consultor\u00eda G&amp;B SA. (\u201cAlbor\u201d). La Plataforma incluye el sitio web\u00a0www.alboragro.com, y los productos y servicios que se ofrecen a trav\u00e9s de [&hellip;]<\/p>\n","protected":false},"author":3,"featured_media":0,"parent":0,"menu_order":0,"comment_status":"closed","ping_status":"closed","template":"","meta":{"footnotes":""},"class_list":["post-79763","page","type-page","status-publish","hentry"],"_links":{"self":[{"href":"https:\/\/alboragro.com\/en\/wp-json\/wp\/v2\/pages\/79763","targetHints":{"allow":["GET"]}}],"collection":[{"href":"https:\/\/alboragro.com\/en\/wp-json\/wp\/v2\/pages"}],"about":[{"href":"https:\/\/alboragro.com\/en\/wp-json\/wp\/v2\/types\/page"}],"author":[{"embeddable":true,"href":"https:\/\/alboragro.com\/en\/wp-json\/wp\/v2\/users\/3"}],"replies":[{"embeddable":true,"href":"https:\/\/alboragro.com\/en\/wp-json\/wp\/v2\/comments?post=79763"}],"version-history":[{"count":10,"href":"https:\/\/alboragro.com\/en\/wp-json\/wp\/v2\/pages\/79763\/revisions"}],"predecessor-version":[{"id":79774,"href":"https:\/\/alboragro.com\/en\/wp-json\/wp\/v2\/pages\/79763\/revisions\/79774"}],"wp:attachment":[{"href":"https:\/\/alboragro.com\/en\/wp-json\/wp\/v2\/media?parent=79763"}],"curies":[{"name":"wp","href":"https:\/\/api.w.org\/{rel}","templated":true}]}}